{"id":230,"date":"2019-10-16T14:48:24","date_gmt":"2019-10-16T14:48:24","guid":{"rendered":"http:\/\/www.lejardindesthermes.net\/WordPress3\/?page_id=230"},"modified":"2022-04-08T12:27:14","modified_gmt":"2022-04-08T12:27:14","slug":"le-restaurant","status":"publish","type":"page","link":"https:\/\/www.lejardindesthermes.net\/WordPress3\/?page_id=230","title":{"rendered":"Le restaurant"},"content":{"rendered":"\n<p class=\"has-text-align-center has-text-color\" style=\"color:#930b95\">Nous vous accueillons du lundi au samedi de 12h00 \u00e0 13h30 <br>et le vendredi et samedi soir de 19h30 \u00e0 21h30<br><strong>R\u00e9servation : 03 83 94 28 65<\/strong><\/p>\n\n\n\n<figure class=\"wp-block-gallery has-nested-images columns-default is-cropped\">\n<figure class=\"wp-block-image\"><img loading=\"lazy\" width=\"1024\" height=\"768\" data-id=\"231\"  src=\"http:\/\/www.lejardindesthermes.net\/WordPress3\/wp-content\/uploads\/2019\/10\/IMG_7915-1024x768.jpg\" alt=\"\" class=\"wp-image-231\" srcset=\"https:\/\/www.lejardindesthermes.net\/WordPress3\/wp-content\/uploads\/2019\/10\/IMG_7915-1024x768.jpg 1024w, https:\/\/www.lejardindesthermes.net\/WordPress3\/wp-content\/uploads\/2019\/10\/IMG_7915-300x225.jpg 300w, https:\/\/www.lejardindesthermes.net\/WordPress3\/wp-content\/uploads\/2019\/10\/IMG_7915-768x576.jpg 768w, https:\/\/www.lejardindesthermes.net\/WordPress3\/wp-content\/uploads\/2019\/10\/IMG_7915-1568x1176.jpg 1568w, https:\/\/www.lejardindesthermes.net\/WordPress3\/wp-content\/uploads\/2019\/10\/IMG_7915-1920x1440.jpg 1920w, https:\/\/www.lejardindesthermes.net\/WordPress3\/wp-content\/uploads\/2019\/10\/IMG_7915-600x450.jpg 600w, https:\/\/www.lejardindesthermes.net\/WordPress3\/wp-content\/uploads\/2019\/10\/IMG_7915.jpg 2016w\" sizes=\"(max-width: 1024px) 100vw, 1024px\" \/><\/figure>\n\n\n\n<figure class=\"wp-block-image\"><img loading=\"lazy\" width=\"1024\" height=\"768\" data-id=\"232\"  src=\"http:\/\/www.lejardindesthermes.net\/WordPress3\/wp-content\/uploads\/2019\/10\/IMG_7916-1024x768.jpg\" alt=\"\" class=\"wp-image-232\" srcset=\"https:\/\/www.lejardindesthermes.net\/WordPress3\/wp-content\/uploads\/2019\/10\/IMG_7916-1024x768.jpg 1024w, https:\/\/www.lejardindesthermes.net\/WordPress3\/wp-content\/uploads\/2019\/10\/IMG_7916-300x225.jpg 300w, https:\/\/www.lejardindesthermes.net\/WordPress3\/wp-content\/uploads\/2019\/10\/IMG_7916-768x576.jpg 768w, https:\/\/www.lejardindesthermes.net\/WordPress3\/wp-content\/uploads\/2019\/10\/IMG_7916-1568x1176.jpg 1568w, https:\/\/www.lejardindesthermes.net\/WordPress3\/wp-content\/uploads\/2019\/10\/IMG_7916-1920x1440.jpg 1920w, https:\/\/www.lejardindesthermes.net\/WordPress3\/wp-content\/uploads\/2019\/10\/IMG_7916-600x450.jpg 600w, https:\/\/www.lejardindesthermes.net\/WordPress3\/wp-content\/uploads\/2019\/10\/IMG_7916.jpg 2016w\" sizes=\"(max-width: 1024px) 100vw, 1024px\" \/><\/figure>\n\n\n\n<figure class=\"wp-block-image\"><img loading=\"lazy\" width=\"1024\" height=\"768\" data-id=\"233\"  src=\"http:\/\/www.lejardindesthermes.net\/WordPress3\/wp-content\/uploads\/2019\/10\/IMG_7917-1024x768.jpg\" alt=\"\" class=\"wp-image-233\" srcset=\"https:\/\/www.lejardindesthermes.net\/WordPress3\/wp-content\/uploads\/2019\/10\/IMG_7917-1024x768.jpg 1024w, https:\/\/www.lejardindesthermes.net\/WordPress3\/wp-content\/uploads\/2019\/10\/IMG_7917-300x225.jpg 300w, https:\/\/www.lejardindesthermes.net\/WordPress3\/wp-content\/uploads\/2019\/10\/IMG_7917-768x576.jpg 768w, https:\/\/www.lejardindesthermes.net\/WordPress3\/wp-content\/uploads\/2019\/10\/IMG_7917-1568x1176.jpg 1568w, https:\/\/www.lejardindesthermes.net\/WordPress3\/wp-content\/uploads\/2019\/10\/IMG_7917-1920x1440.jpg 1920w, https:\/\/www.lejardindesthermes.net\/WordPress3\/wp-content\/uploads\/2019\/10\/IMG_7917-600x450.jpg 600w, https:\/\/www.lejardindesthermes.net\/WordPress3\/wp-content\/uploads\/2019\/10\/IMG_7917.jpg 2016w\" sizes=\"(max-width: 1024px) 100vw, 1024px\" \/><\/figure>\n\n\n\n<figure class=\"wp-block-image\"><img loading=\"lazy\" width=\"1024\" height=\"768\" data-id=\"234\"  src=\"http:\/\/www.lejardindesthermes.net\/WordPress3\/wp-content\/uploads\/2019\/10\/IMG_7919-1024x768.jpg\" alt=\"\" class=\"wp-image-234\" srcset=\"https:\/\/www.lejardindesthermes.net\/WordPress3\/wp-content\/uploads\/2019\/10\/IMG_7919-1024x768.jpg 1024w, https:\/\/www.lejardindesthermes.net\/WordPress3\/wp-content\/uploads\/2019\/10\/IMG_7919-300x225.jpg 300w, https:\/\/www.lejardindesthermes.net\/WordPress3\/wp-content\/uploads\/2019\/10\/IMG_7919-768x576.jpg 768w, https:\/\/www.lejardindesthermes.net\/WordPress3\/wp-content\/uploads\/2019\/10\/IMG_7919-1568x1176.jpg 1568w, https:\/\/www.lejardindesthermes.net\/WordPress3\/wp-content\/uploads\/2019\/10\/IMG_7919-1920x1440.jpg 1920w, https:\/\/www.lejardindesthermes.net\/WordPress3\/wp-content\/uploads\/2019\/10\/IMG_7919-600x450.jpg 600w, https:\/\/www.lejardindesthermes.net\/WordPress3\/wp-content\/uploads\/2019\/10\/IMG_7919.jpg 2016w\" sizes=\"(max-width: 1024px) 100vw, 1024px\" \/><\/figure>\n\n\n\n<figure class=\"wp-block-image\"><img loading=\"lazy\" width=\"1024\" height=\"768\" data-id=\"235\"  src=\"http:\/\/www.lejardindesthermes.net\/WordPress3\/wp-content\/uploads\/2019\/10\/IMG_7921-1024x768.jpg\" alt=\"\" class=\"wp-image-235\" srcset=\"https:\/\/www.lejardindesthermes.net\/WordPress3\/wp-content\/uploads\/2019\/10\/IMG_7921-1024x768.jpg 1024w, https:\/\/www.lejardindesthermes.net\/WordPress3\/wp-content\/uploads\/2019\/10\/IMG_7921-300x225.jpg 300w, https:\/\/www.lejardindesthermes.net\/WordPress3\/wp-content\/uploads\/2019\/10\/IMG_7921-768x576.jpg 768w, https:\/\/www.lejardindesthermes.net\/WordPress3\/wp-content\/uploads\/2019\/10\/IMG_7921-1568x1176.jpg 1568w, https:\/\/www.lejardindesthermes.net\/WordPress3\/wp-content\/uploads\/2019\/10\/IMG_7921-1920x1440.jpg 1920w, https:\/\/www.lejardindesthermes.net\/WordPress3\/wp-content\/uploads\/2019\/10\/IMG_7921-600x450.jpg 600w, https:\/\/www.lejardindesthermes.net\/WordPress3\/wp-content\/uploads\/2019\/10\/IMG_7921.jpg 2016w\" sizes=\"(max-width: 1024px) 100vw, 1024px\" \/><\/figure>\n\n\n\n<figure class=\"wp-block-image\"><img loading=\"lazy\" width=\"1024\" height=\"768\" data-id=\"197\"  src=\"http:\/\/www.lejardindesthermes.net\/WordPress3\/wp-content\/uploads\/2019\/10\/56644787_2256542381056381_5478906723706077184_o-1024x768.jpg\" alt=\"\" class=\"wp-image-197\" srcset=\"https:\/\/www.lejardindesthermes.net\/WordPress3\/wp-content\/uploads\/2019\/10\/56644787_2256542381056381_5478906723706077184_o-1024x768.jpg 1024w, https:\/\/www.lejardindesthermes.net\/WordPress3\/wp-content\/uploads\/2019\/10\/56644787_2256542381056381_5478906723706077184_o-300x225.jpg 300w, https:\/\/www.lejardindesthermes.net\/WordPress3\/wp-content\/uploads\/2019\/10\/56644787_2256542381056381_5478906723706077184_o-768x576.jpg 768w, https:\/\/www.lejardindesthermes.net\/WordPress3\/wp-content\/uploads\/2019\/10\/56644787_2256542381056381_5478906723706077184_o-1568x1176.jpg 1568w, https:\/\/www.lejardindesthermes.net\/WordPress3\/wp-content\/uploads\/2019\/10\/56644787_2256542381056381_5478906723706077184_o-1920x1440.jpg 1920w, https:\/\/www.lejardindesthermes.net\/WordPress3\/wp-content\/uploads\/2019\/10\/56644787_2256542381056381_5478906723706077184_o-600x450.jpg 600w, https:\/\/www.lejardindesthermes.net\/WordPress3\/wp-content\/uploads\/2019\/10\/56644787_2256542381056381_5478906723706077184_o.jpg 2048w\" sizes=\"(max-width: 1024px) 100vw, 1024px\" \/><\/figure>\n<\/figure>\n\n\n\n<p><\/p>\n","protected":false},"excerpt":{"rendered":"<p>Nous vous accueillons du lundi au samedi de 12h00 \u00e0 13h30 et le vendredi et samedi soir de 19h30 \u00e0 21h30R\u00e9servation : 03 83 94 28 65<\/p>\n","protected":false},"author":1,"featured_media":243,"parent":0,"menu_order":0,"comment_status":"closed","ping_status":"closed","template":"","meta":[],"_links":{"self":[{"href":"https:\/\/www.lejardindesthermes.net\/WordPress3\/index.php?rest_route=\/wp\/v2\/pages\/230"}],"collection":[{"href":"https:\/\/www.lejardindesthermes.net\/WordPress3\/index.php?rest_route=\/wp\/v2\/pages"}],"about":[{"href":"https:\/\/www.lejardindesthermes.net\/WordPress3\/index.php?rest_route=\/wp\/v2\/types\/page"}],"author":[{"embeddable":true,"href":"https:\/\/www.lejardindesthermes.net\/WordPress3\/index.php?rest_route=\/wp\/v2\/users\/1"}],"replies":[{"embeddable":true,"href":"https:\/\/www.lejardindesthermes.net\/WordPress3\/index.php?rest_route=%2Fwp%2Fv2%2Fcomments&post=230"}],"version-history":[{"count":7,"href":"https:\/\/www.lejardindesthermes.net\/WordPress3\/index.php?rest_route=\/wp\/v2\/pages\/230\/revisions"}],"predecessor-version":[{"id":326,"href":"https:\/\/www.lejardindesthermes.net\/WordPress3\/index.php?rest_route=\/wp\/v2\/pages\/230\/revisions\/326"}],"wp:featuredmedia":[{"embeddable":true,"href":"https:\/\/www.lejardindesthermes.net\/WordPress3\/index.php?rest_route=\/wp\/v2\/media\/243"}],"wp:attachment":[{"href":"https:\/\/www.lejardindesthermes.net\/WordPress3\/index.php?rest_route=%2Fwp%2Fv2%2Fmedia&parent=230"}],"curies":[{"name":"wp","href":"https:\/\/api.w.org\/{rel}","templated":true}]}}