{"id":2,"date":"2011-11-17T21:34:24","date_gmt":"2011-11-17T21:34:24","guid":{"rendered":"http:\/\/www.lejardindesthermes.net\/WordPress3\/?page_id=2"},"modified":"2024-10-04T10:56:08","modified_gmt":"2024-10-04T10:56:08","slug":"page-d-exemple","status":"publish","type":"page","link":"http:\/\/www.lejardindesthermes.net\/WordPress3\/?page_id=2","title":{"rendered":"Carte et menu"},"content":{"rendered":"\n<h3>Le Jardin des Thermes vous propose un menu du jour le midi (entr\u00e9e, plat, dessert) \u00e0 partir de <strong>20 euros<\/strong> ou \u00e0 partir de <strong>28<\/strong> <strong>euros <\/strong>le vendredi et le samedi soir.<\/h3>\n\n\n\n<blockquote class=\"wp-block-quote has-text-align-center is-style-large\"><p><\/p><cite>Pour toute information,  contactez-nous au 03 83 94 28 65<\/cite><\/blockquote>\n\n\n\n<hr class=\"wp-block-separator is-style-wide\"\/>\n\n\n\n<p>Les menus du midi et soir changent chaque jour, au gr\u00e9 des saisons, en fonction de l&rsquo;approvisionnement en produits frais.<br>De plus, nous vous proposons une carte compos\u00e9e de 4 entr\u00e9es, 4 plats , et 4 desserts. La carte est \u00e9galement renouvel\u00e9e r\u00e9guli\u00e8rement au fil des saisons.<\/p>\n\n\n\n<div style=\"height:50px\" aria-hidden=\"true\" class=\"wp-block-spacer\"><\/div>\n\n\n\n<p><\/p>\n\n\n\n<p><strong>La carte du Jardin des Thermes est compos\u00e9e notamment de nos sp\u00e9cialit\u00e9s<\/strong><\/p>\n\n\n\n<p><\/p>\n\n\n\n<figure class=\"wp-block-gallery alignwide has-nested-images columns-default is-cropped\">\n<figure class=\"wp-block-image\"><img loading=\"lazy\" width=\"1024\" height=\"768\" data-id=\"203\"  src=\"http:\/\/www.lejardindesthermes.net\/WordPress3\/wp-content\/uploads\/2019\/10\/67629172_2441402655903685_2674504963039690752_o-1024x768.jpg\" alt=\"\" class=\"wp-image-203\" srcset=\"http:\/\/www.lejardindesthermes.net\/WordPress3\/wp-content\/uploads\/2019\/10\/67629172_2441402655903685_2674504963039690752_o-1024x768.jpg 1024w, http:\/\/www.lejardindesthermes.net\/WordPress3\/wp-content\/uploads\/2019\/10\/67629172_2441402655903685_2674504963039690752_o-300x225.jpg 300w, http:\/\/www.lejardindesthermes.net\/WordPress3\/wp-content\/uploads\/2019\/10\/67629172_2441402655903685_2674504963039690752_o-768x576.jpg 768w, http:\/\/www.lejardindesthermes.net\/WordPress3\/wp-content\/uploads\/2019\/10\/67629172_2441402655903685_2674504963039690752_o-1568x1176.jpg 1568w, http:\/\/www.lejardindesthermes.net\/WordPress3\/wp-content\/uploads\/2019\/10\/67629172_2441402655903685_2674504963039690752_o-1920x1440.jpg 1920w, http:\/\/www.lejardindesthermes.net\/WordPress3\/wp-content\/uploads\/2019\/10\/67629172_2441402655903685_2674504963039690752_o-600x450.jpg 600w, http:\/\/www.lejardindesthermes.net\/WordPress3\/wp-content\/uploads\/2019\/10\/67629172_2441402655903685_2674504963039690752_o.jpg 2048w\" sizes=\"(max-width: 1024px) 100vw, 1024px\" \/><\/figure>\n\n\n\n<figure class=\"wp-block-image\"><img loading=\"lazy\" width=\"1024\" height=\"768\" data-id=\"205\"  src=\"http:\/\/www.lejardindesthermes.net\/WordPress3\/wp-content\/uploads\/2019\/10\/67403123_2441402325903718_3022437424715268096_o-1-1024x768.jpg\" alt=\"\" class=\"wp-image-205\" srcset=\"http:\/\/www.lejardindesthermes.net\/WordPress3\/wp-content\/uploads\/2019\/10\/67403123_2441402325903718_3022437424715268096_o-1-1024x768.jpg 1024w, http:\/\/www.lejardindesthermes.net\/WordPress3\/wp-content\/uploads\/2019\/10\/67403123_2441402325903718_3022437424715268096_o-1-300x225.jpg 300w, http:\/\/www.lejardindesthermes.net\/WordPress3\/wp-content\/uploads\/2019\/10\/67403123_2441402325903718_3022437424715268096_o-1-768x576.jpg 768w, http:\/\/www.lejardindesthermes.net\/WordPress3\/wp-content\/uploads\/2019\/10\/67403123_2441402325903718_3022437424715268096_o-1-1568x1176.jpg 1568w, http:\/\/www.lejardindesthermes.net\/WordPress3\/wp-content\/uploads\/2019\/10\/67403123_2441402325903718_3022437424715268096_o-1-1920x1440.jpg 1920w, http:\/\/www.lejardindesthermes.net\/WordPress3\/wp-content\/uploads\/2019\/10\/67403123_2441402325903718_3022437424715268096_o-1-600x450.jpg 600w, http:\/\/www.lejardindesthermes.net\/WordPress3\/wp-content\/uploads\/2019\/10\/67403123_2441402325903718_3022437424715268096_o-1.jpg 2048w\" sizes=\"(max-width: 1024px) 100vw, 1024px\" \/><\/figure>\n\n\n\n<figure class=\"wp-block-image\"><img loading=\"lazy\" width=\"1024\" height=\"768\" data-id=\"208\"  src=\"http:\/\/www.lejardindesthermes.net\/WordPress3\/wp-content\/uploads\/2019\/10\/67212915_2437968212913796_4826465113718390784_o-1024x768.jpg\" alt=\"\" class=\"wp-image-208\" srcset=\"http:\/\/www.lejardindesthermes.net\/WordPress3\/wp-content\/uploads\/2019\/10\/67212915_2437968212913796_4826465113718390784_o-1024x768.jpg 1024w, http:\/\/www.lejardindesthermes.net\/WordPress3\/wp-content\/uploads\/2019\/10\/67212915_2437968212913796_4826465113718390784_o-300x225.jpg 300w, http:\/\/www.lejardindesthermes.net\/WordPress3\/wp-content\/uploads\/2019\/10\/67212915_2437968212913796_4826465113718390784_o-768x576.jpg 768w, http:\/\/www.lejardindesthermes.net\/WordPress3\/wp-content\/uploads\/2019\/10\/67212915_2437968212913796_4826465113718390784_o-1568x1176.jpg 1568w, http:\/\/www.lejardindesthermes.net\/WordPress3\/wp-content\/uploads\/2019\/10\/67212915_2437968212913796_4826465113718390784_o-1920x1440.jpg 1920w, http:\/\/www.lejardindesthermes.net\/WordPress3\/wp-content\/uploads\/2019\/10\/67212915_2437968212913796_4826465113718390784_o-600x450.jpg 600w, http:\/\/www.lejardindesthermes.net\/WordPress3\/wp-content\/uploads\/2019\/10\/67212915_2437968212913796_4826465113718390784_o.jpg 2048w\" sizes=\"(max-width: 1024px) 100vw, 1024px\" \/><\/figure>\n<\/figure>\n\n\n\n<p><\/p>\n\n\n\n<p>Les Entr\u00e9es<br><\/p>\n\n\n\n<ul><li>foie gras po\u00eal\u00e9<\/li><li>jambon d&rsquo;antan<\/li><li>cassolette de St-Jacques<\/li><li>&#8230;<\/li><\/ul>\n\n\n\n<p>Les Plats<br><\/p>\n\n\n\n<ul><li>entrec\u00f4te grill\u00e9e <\/li><li>magret de canard <\/li><li>poisson du jour <\/li><li>&#8230;<\/li><\/ul>\n\n\n\n<p>Les Desserts<br><\/p>\n\n\n\n<ul><li>fondant au chocolat <\/li><li>tarte citron meringu\u00e9e <\/li><li>&#8230;<\/li><\/ul>\n\n\n\n<div style=\"height:100px\" aria-hidden=\"true\" class=\"wp-block-spacer\"><\/div>\n\n\n\n<h5>Le Jardin des Thermes organise des repas d\u2019entreprise ou familiaux pour les groupes de 10 \u00e0 25 personnes.<\/h5>\n\n\n\n<p>Selon votre budget, nous vous proposerons plusieurs menus adapt\u00e9s.<br>Un menu avec une entr\u00e9e, un plat et un dessert vous sera \u00e9galement propos\u00e9.<\/p>\n\n\n\n<p><em><strong>Vous pouvez vous inscrire \u00e0 la newsletter pour \u00eatre tenu chaque semaine au courant du th\u00e8me de ces soir\u00e9es<\/strong><\/em> : le.jardin.des.thermes@cegetel.net <\/p>\n","protected":false},"excerpt":{"rendered":"<p>Le Jardin des Thermes vous propose un menu du jour le midi (entr\u00e9e, plat, dessert) \u00e0 partir de 20 euros ou \u00e0 partir de 28 euros le vendredi et le samedi soir. Pour toute information, contactez-nous au 03 83 94 28 65 Les menus du midi et soir changent chaque jour, au gr\u00e9 des saisons, [&hellip;]<\/p>\n","protected":false},"author":1,"featured_media":0,"parent":0,"menu_order":0,"comment_status":"closed","ping_status":"closed","template":"","meta":[],"_links":{"self":[{"href":"http:\/\/www.lejardindesthermes.net\/WordPress3\/index.php?rest_route=\/wp\/v2\/pages\/2"}],"collection":[{"href":"http:\/\/www.lejardindesthermes.net\/WordPress3\/index.php?rest_route=\/wp\/v2\/pages"}],"about":[{"href":"http:\/\/www.lejardindesthermes.net\/WordPress3\/index.php?rest_route=\/wp\/v2\/types\/page"}],"author":[{"embeddable":true,"href":"http:\/\/www.lejardindesthermes.net\/WordPress3\/index.php?rest_route=\/wp\/v2\/users\/1"}],"replies":[{"embeddable":true,"href":"http:\/\/www.lejardindesthermes.net\/WordPress3\/index.php?rest_route=%2Fwp%2Fv2%2Fcomments&post=2"}],"version-history":[{"count":45,"href":"http:\/\/www.lejardindesthermes.net\/WordPress3\/index.php?rest_route=\/wp\/v2\/pages\/2\/revisions"}],"predecessor-version":[{"id":352,"href":"http:\/\/www.lejardindesthermes.net\/WordPress3\/index.php?rest_route=\/wp\/v2\/pages\/2\/revisions\/352"}],"wp:attachment":[{"href":"http:\/\/www.lejardindesthermes.net\/WordPress3\/index.php?rest_route=%2Fwp%2Fv2%2Fmedia&parent=2"}],"curies":[{"name":"wp","href":"https:\/\/api.w.org\/{rel}","templated":true}]}}